{"id":53,"date":"2020-10-04T06:22:18","date_gmt":"2020-10-04T06:22:18","guid":{"rendered":"https:\/\/londoncowgirl.com\/?page_id=53"},"modified":"2020-10-23T09:33:59","modified_gmt":"2020-10-23T09:33:59","slug":"about","status":"publish","type":"page","link":"https:\/\/londoncowgirl.com\/de\/about\/","title":{"rendered":"\u00dcber mich"},"content":{"rendered":"<div data-elementor-type=\"wp-page\" data-elementor-id=\"53\" class=\"elementor elementor-53\">\n\t\t\t\t\t\t<section class=\"elementor-section elementor-top-section elementor-element elementor-element-e4f9993 elementor-section-boxed elementor-section-height-default elementor-section-height-default\" data-id=\"e4f9993\" data-element_type=\"section\" data-e-type=\"section\">\n\t\t\t\t\t\t<div class=\"elementor-container elementor-column-gap-default\">\n\t\t\t\t\t<div class=\"elementor-column elementor-col-100 elementor-top-column elementor-element elementor-element-7d10a6b\" data-id=\"7d10a6b\" data-element_type=\"column\" data-e-type=\"column\">\n\t\t\t<div class=\"elementor-widget-wrap elementor-element-populated\">\n\t\t\t\t\t\t<div class=\"elementor-element elementor-element-f9a78a4 elementor-widget elementor-widget-image\" data-id=\"f9a78a4\" data-element_type=\"widget\" data-e-type=\"widget\" data-widget_type=\"image.default\">\n\t\t\t\t<div class=\"elementor-widget-container\">\n\t\t\t\t\t\t\t\t\t\t\t\t\t\t\t<img decoding=\"async\" src=\"https:\/\/londoncowgirl.com\/wp-content\/uploads\/2020\/10\/MarianneBushHouse1.jpg\" title=\"MarianneBushHouse1\" alt=\"MarianneBushHouse1\" loading=\"lazy\" \/>\t\t\t\t\t\t\t\t\t\t\t\t\t\t\t<\/div>\n\t\t\t\t<\/div>\n\t\t\t\t\t<\/div>\n\t\t<\/div>\n\t\t\t\t\t<\/div>\n\t\t<\/section>\n\t\t\t\t<section class=\"elementor-section elementor-top-section elementor-element elementor-element-0293473 elementor-section-boxed elementor-section-height-default elementor-section-height-default\" data-id=\"0293473\" data-element_type=\"section\" data-e-type=\"section\">\n\t\t\t\t\t\t<div class=\"elementor-container elementor-column-gap-default\">\n\t\t\t\t\t<div class=\"elementor-column elementor-col-100 elementor-top-column elementor-element elementor-element-1b1b573\" data-id=\"1b1b573\" data-element_type=\"column\" data-e-type=\"column\">\n\t\t\t<div class=\"elementor-widget-wrap elementor-element-populated\">\n\t\t\t\t\t\t<div class=\"elementor-element elementor-element-635ccf3 elementor-widget elementor-widget-heading\" data-id=\"635ccf3\" data-element_type=\"widget\" data-e-type=\"widget\" data-widget_type=\"heading.default\">\n\t\t\t\t<div class=\"elementor-widget-container\">\n\t\t\t\t\t<h3 class=\"elementor-heading-title elementor-size-default\">Mehr \u00fcber Marianne<\/h3>\t\t\t\t<\/div>\n\t\t\t\t<\/div>\n\t\t\t\t<div class=\"elementor-element elementor-element-b22f6f0 elementor-widget elementor-widget-text-editor\" data-id=\"b22f6f0\" data-element_type=\"widget\" data-e-type=\"widget\" data-widget_type=\"text-editor.default\">\n\t\t\t\t<div class=\"elementor-widget-container\">\n\t\t\t\t\t\t\t\t\t<p>Marianne Landzettel ist Journalistin und schreibt und bloggt \u00fcber Lebensmittel-, Landwirtschafts- und Agrarpolitik in Gro\u00dfbritannien und der \u00fcbrigen EU, den USA und S\u00fcdasien. Sie war Gro\u00dfbritannien- und Irlandkorrespondentin f\u00fcr das Deutsche \u00d6ffentliche Radio und arbeitete 10 Jahre lang f\u00fcr den BBC World Service. K\u00fcrzlich war sie Mitautorin eines Buches (auf Deutsch) \u00fcber Ern\u00e4hrung, Landwirtschaft und Klimawandel. Sie lebt in London.<\/p>\n<p>\u2018Wie unterscheidet man eine Milchkuh von einem Fleischrind?\u2018 fragte ich einmal einen Kollegen. Das war 1985 und ich hatte gerade als junge Radioreporterin meine ersten Beitr\u00e4ge f\u00fcr den S\u00fcddeutschen Rundfunk (SDR) Landfunk abgeliefert \u201aDu schaust der Kuh ins Gesicht\u2018, antwortete der Kollege. Diesen Rat habe ich befolgt und dabei noch ein paar andere Dinge gelernt \u2013 z.B. die Zusammenh\u00e4nge zwischen Landwirtschaft und Umwelt, synthetischem D\u00fcngern und Pestiziden, Ertr\u00e4gen, landwirtschaftlichem Einkommen und Bodenqualit\u00e4t \u2013 oder dem Fehlen derselben.<\/p>\n<p class=\"translation-block\">Wenig sp\u00e4ter wechselte ich zum SDR Zeitfunk und arbeitet als Reporterin, Redakteurin, Moderatorin und schlie\u00dflich in London als SWR Korrespondentin f\u00fcr Gro\u00dfbritannien und Irland. 2003 beschloss ich in London zu bleiben und f\u00fcr die n\u00e4chsten 10 Jahre arbeitete ich beim BBC World Service. Als Journalistin die Welt mit einem Blick auf Landwirtschaft zu sehen hat sich bew\u00e4hrt. 2013 verlie\u00df ich die BBC um mich ganz auf die Themen Landwirtschaft, Klima und Lebensmittel zu konzentrieren. Auf langen Reisen durch Indien lernte ich die Lebens- und Arbeitsbedingungen von Baumwollbauern kennen, besuchte Schafhirten und Apfelanbauer im Himalaya, Reisbauern in den Sunderbans und Imker indogener Volksgruppen in West-Indien.<\/p>\n<p class=\"translation-block\">Schon als Korrespondentin f\u00fcr Gro\u00dfbritannien berichtete ich 2001 wochenlang \u00fcber den schweren Ausbruch von Maul- und Klauenseuche. Ich lernte britische Rinder- und Schafrassen kennen und verstand, welche Folgen schon ein Penny Unterschied im Auszahlungspreis f\u00fcr Milch f\u00fcr eine Farm haben kann. Und heute ist klar, dass Gro\u00dfbritanniens landwirtschaftlichem Reichtum \u2013 dem im \u00dcberfluss vorhandenen, gro\u00dfartigen Weideland \u2013 wie so vielem, mit Brexit nicht gedient ist.\nIn Bezug auf Landwirtschaft repr\u00e4sentieren die USA jeden denkbaren Superlativ \u2013 gro\u00dfe Farmen mit gigantischen Landmaschinen, riesige landwirtschaftliche Fl\u00e4chen, Monokulturen, gentechnisch ver\u00e4ndertes Saatgut \u2013 \u201aBig Ag\u2018 und noch gr\u00f6\u00dfere Probleme. \u00dcber die Jahre habe ich viele progressive, nachdenkliche und kluge Farmer und Rancher kennengelernt. Sie zeigten mir ihre Betriebe die der Beweis daf\u00fcr sind, dass die Differenzen zwischen Biolandwirtschaft und regenerativer Landwirtschaft immer geringer werden und L\u00f6sungsans\u00e4tze bieten, die fl\u00e4chenwirksam eingesetzt werden k\u00f6nnen. Im Zentrum des Denkens dieser Farmer und Rancher stehen Bodengesundheit \u2013 und nat\u00fcrlich K\u00fche.<\/p>\n<div>&nbsp;<\/div>\n<p><\/p>\t\t\t\t\t\t\t\t<\/div>\n\t\t\t\t<\/div>\n\t\t\t\t\t<\/div>\n\t\t<\/div>\n\t\t\t\t\t<\/div>\n\t\t<\/section>\n\t\t\t\t<\/div>","protected":false},"excerpt":{"rendered":"<p>More about Marianne Marianne Landzettel is a journalist writing and blogging about food, farming and [&hellip;]<\/p>","protected":false},"author":2,"featured_media":82,"parent":0,"menu_order":2,"comment_status":"closed","ping_status":"closed","template":"elementor_header_footer","meta":{"footnotes":""},"class_list":["post-53","page","type-page","status-publish","has-post-thumbnail","hentry"],"_links":{"self":[{"href":"https:\/\/londoncowgirl.com\/de\/wp-json\/wp\/v2\/pages\/53","targetHints":{"allow":["GET"]}}],"collection":[{"href":"https:\/\/londoncowgirl.com\/de\/wp-json\/wp\/v2\/pages"}],"about":[{"href":"https:\/\/londoncowgirl.com\/de\/wp-json\/wp\/v2\/types\/page"}],"author":[{"embeddable":true,"href":"https:\/\/londoncowgirl.com\/de\/wp-json\/wp\/v2\/users\/2"}],"replies":[{"embeddable":true,"href":"https:\/\/londoncowgirl.com\/de\/wp-json\/wp\/v2\/comments?post=53"}],"version-history":[{"count":19,"href":"https:\/\/londoncowgirl.com\/de\/wp-json\/wp\/v2\/pages\/53\/revisions"}],"predecessor-version":[{"id":498,"href":"https:\/\/londoncowgirl.com\/de\/wp-json\/wp\/v2\/pages\/53\/revisions\/498"}],"wp:featuredmedia":[{"embeddable":true,"href":"https:\/\/londoncowgirl.com\/de\/wp-json\/wp\/v2\/media\/82"}],"wp:attachment":[{"href":"https:\/\/londoncowgirl.com\/de\/wp-json\/wp\/v2\/media?parent=53"}],"curies":[{"name":"wp","href":"https:\/\/api.w.org\/{rel}","templated":true}]}}